{"id":81,"date":"2025-09-22T08:10:05","date_gmt":"2025-09-22T08:10:05","guid":{"rendered":"https:\/\/ddom.parisnanterre.fr\/?page_id=81"},"modified":"2025-09-23T15:52:14","modified_gmt":"2025-09-23T15:52:14","slug":"accueil","status":"publish","type":"page","link":"https:\/\/ddom.parisnanterre.fr\/","title":{"rendered":"Accueil"},"content":{"rendered":"\n<h1 class=\"wp-block-heading has-text-align-center\">Colloque<\/h1>\n\n\n\n<h2 class=\"wp-block-heading has-text-align-center\">La d\u00e9ontologie et la discipline des officiers<br>minist\u00e9riels : quelle unit\u00e9 ?<\/h2>\n\n\n<style>.wp-block-kadence-spacer.kt-block-spacer-81_0f4a56-bd .kt-block-spacer{height:20px;}.wp-block-kadence-spacer.kt-block-spacer-81_0f4a56-bd .kt-divider{border-top-width:1px;height:1px;border-top-color:#eee;width:80%;border-top-style:solid;}<\/style>\n<div class=\"wp-block-kadence-spacer aligncenter kt-block-spacer-81_0f4a56-bd\"><div class=\"kt-block-spacer kt-block-spacer-halign-center\"><\/div><\/div>\n\n\n\n<div class=\"wp-block-columns is-layout-flex wp-container-core-columns-is-layout-9d6595d7 wp-block-columns-is-layout-flex\">\n<div class=\"wp-block-column is-layout-flow wp-block-column-is-layout-flow\" style=\"flex-basis:66.66%\"><style>.wp-block-kadence-advancedheading.kt-adv-heading81_471c52-b1, .wp-block-kadence-advancedheading.kt-adv-heading81_471c52-b1[data-kb-block=\"kb-adv-heading81_471c52-b1\"]{padding-bottom:0px;margin-bottom:var(--global-kb-spacing-xs, 1rem);font-size:24px;line-height:1.2;font-style:normal;}.wp-block-kadence-advancedheading.kt-adv-heading81_471c52-b1 mark.kt-highlight, .wp-block-kadence-advancedheading.kt-adv-heading81_471c52-b1[data-kb-block=\"kb-adv-heading81_471c52-b1\"] mark.kt-highlight{font-style:normal;color:#f76a0c;-webkit-box-decoration-break:clone;box-decoration-break:clone;padding-top:0px;padding-right:0px;padding-bottom:0px;padding-left:0px;}@media all and (max-width: 1024px){.wp-block-kadence-advancedheading.kt-adv-heading81_471c52-b1, .wp-block-kadence-advancedheading.kt-adv-heading81_471c52-b1[data-kb-block=\"kb-adv-heading81_471c52-b1\"]{font-size:var(--global-kb-font-size-xl, 3rem);}}@media all and (max-width: 767px){.wp-block-kadence-advancedheading.kt-adv-heading81_471c52-b1, .wp-block-kadence-advancedheading.kt-adv-heading81_471c52-b1[data-kb-block=\"kb-adv-heading81_471c52-b1\"]{font-size:var(--global-kb-font-size-xl, 3rem);}}<\/style>\n<h4 class=\"kt-adv-heading81_471c52-b1 wp-block-kadence-advancedheading has-theme-palette-3-color has-text-color\" data-kb-block=\"kb-adv-heading81_471c52-b1\">Vendredi 14 novembre 2025<\/h4>\n\n\n<style>.wp-block-kadence-advancedheading.kt-adv-heading81_960d6e-6a, .wp-block-kadence-advancedheading.kt-adv-heading81_960d6e-6a[data-kb-block=\"kb-adv-heading81_960d6e-6a\"]{font-size:20px;line-height:1.2;font-style:normal;}.wp-block-kadence-advancedheading.kt-adv-heading81_960d6e-6a mark.kt-highlight, .wp-block-kadence-advancedheading.kt-adv-heading81_960d6e-6a[data-kb-block=\"kb-adv-heading81_960d6e-6a\"] mark.kt-highlight{font-style:normal;color:#f76a0c;-webkit-box-decoration-break:clone;box-decoration-break:clone;padding-top:0px;padding-right:0px;padding-bottom:0px;padding-left:0px;}<\/style>\n<p class=\"kt-adv-heading81_960d6e-6a wp-block-kadence-advancedheading has-theme-palette-3-color has-text-color\" data-kb-block=\"kb-adv-heading81_960d6e-6a\">Salle 6, Centre Panth\u00e9on, 12 Place du Panth\u00e9on, Paris, 5 e<\/p>\n\n\n<style>.wp-block-kadence-advancedheading.kt-adv-heading81_b5e5dc-92, .wp-block-kadence-advancedheading.kt-adv-heading81_b5e5dc-92[data-kb-block=\"kb-adv-heading81_b5e5dc-92\"]{font-style:normal;}.wp-block-kadence-advancedheading.kt-adv-heading81_b5e5dc-92 mark.kt-highlight, .wp-block-kadence-advancedheading.kt-adv-heading81_b5e5dc-92[data-kb-block=\"kb-adv-heading81_b5e5dc-92\"] mark.kt-highlight{font-style:normal;color:#f76a0c;-webkit-box-decoration-break:clone;box-decoration-break:clone;padding-top:0px;padding-right:0px;padding-bottom:0px;padding-left:0px;}<\/style>\n<p class=\"kt-adv-heading81_b5e5dc-92 wp-block-kadence-advancedheading has-theme-palette-3-color has-text-color\" data-kb-block=\"kb-adv-heading81_b5e5dc-92\"><strong>Entr\u00e9e sur inscription obligatoire<\/strong>, dans la limite des places disponibles, avant le 31 octobre<\/p>\n<\/div>\n\n\n\n<div class=\"wp-block-column is-layout-flow wp-block-column-is-layout-flow\" style=\"flex-basis:33.33%\"><style>.wp-block-kadence-column.kb-section-dir-horizontal > .kt-inside-inner-col > .kt-info-box81_4c2283-31 .kt-blocks-info-box-link-wrap{max-width:unset;}.kt-info-box81_4c2283-31 .kt-blocks-info-box-link-wrap{padding-top:var(--global-kb-spacing-xs, 1rem);padding-right:var(--global-kb-spacing-xs, 1rem);padding-bottom:var(--global-kb-spacing-xs, 1rem);padding-left:var(--global-kb-spacing-xs, 1rem);}.kt-info-box81_4c2283-31 .kadence-info-box-icon-container .kt-info-svg-icon, .kt-info-box81_4c2283-31 .kt-info-svg-icon-flip, .kt-info-box81_4c2283-31 .kt-blocks-info-box-number{font-size:50px;}.kt-info-box81_4c2283-31 .kt-blocks-info-box-media{border-top-width:0px;border-right-width:0px;border-bottom-width:0px;border-left-width:0px;padding-top:10px;padding-right:10px;padding-bottom:10px;padding-left:10px;}.kt-info-box81_4c2283-31 .kt-blocks-info-box-media-container{margin-top:0px;margin-right:15px;margin-bottom:0px;margin-left:15px;}.kt-info-box81_4c2283-31 .kt-infobox-textcontent h2.kt-blocks-info-box-title{padding-top:0px;padding-right:0px;padding-bottom:0px;padding-left:0px;margin-top:5px;margin-right:0px;margin-bottom:10px;margin-left:0px;}.kt-info-box81_4c2283-31 .kt-blocks-info-box-learnmore{background:transparent;border-width:0px 0px 0px 0px;padding-top:4px;padding-right:8px;padding-bottom:4px;padding-left:8px;margin-top:10px;margin-right:0px;margin-bottom:10px;margin-left:0px;}<\/style>\n<div class=\"wp-block-kadence-infobox kt-info-box81_4c2283-31\"><span class=\"kt-blocks-info-box-link-wrap info-box-link kt-blocks-info-box-media-align-top kt-info-halign-center\"><div class=\"kt-blocks-info-box-media-container\"><div class=\"kt-blocks-info-box-media kt-info-media-animate-none\"><div class=\"kadence-info-box-icon-container kt-info-icon-animate-none\"><div class=\"kadence-info-box-icon-inner-container\"><span class=\"kb-svg-icon-wrap kb-svg-icon-fas_user-graduate kt-info-svg-icon\"><svg viewBox=\"0 0 448 512\"  fill=\"currentColor\" xmlns=\"http:\/\/www.w3.org\/2000\/svg\"  aria-hidden=\"true\"><path d=\"M319.4 320.6L224 416l-95.4-95.4C57.1 323.7 0 382.2 0 454.4v9.6c0 26.5 21.5 48 48 48h352c26.5 0 48-21.5 48-48v-9.6c0-72.2-57.1-130.7-128.6-133.8zM13.6 79.8l6.4 1.5v58.4c-7 4.2-12 11.5-12 20.3 0 8.4 4.6 15.4 11.1 19.7L3.5 242c-1.7 6.9 2.1 14 7.6 14h41.8c5.5 0 9.3-7.1 7.6-14l-15.6-62.3C51.4 175.4 56 168.4 56 160c0-8.8-5-16.1-12-20.3V87.1l66 15.9c-8.6 17.2-14 36.4-14 57 0 70.7 57.3 128 128 128s128-57.3 128-128c0-20.6-5.3-39.8-14-57l96.3-23.2c18.2-4.4 18.2-27.1 0-31.5l-190.4-46c-13-3.1-26.7-3.1-39.7 0L13.6 48.2c-18.1 4.4-18.1 27.2 0 31.6z\"\/><\/svg><\/span><\/div><\/div><\/div><\/div><div class=\"kt-infobox-textcontent\"><p class=\"kt-blocks-info-box-text\">Important : ce colloque est <strong>valid\u00e9 au titre de la formation continue<\/strong> des <em>avocats<\/em> aux Conseils et des <em>commissaires de justice<\/em> .<\/p><\/div><\/span><\/div>\n<\/div>\n<\/div>\n\n\n<style>.wp-block-kadence-spacer.kt-block-spacer-81_66c8ea-65 .kt-block-spacer{height:30px;}.wp-block-kadence-spacer.kt-block-spacer-81_66c8ea-65 .kt-divider{border-top-width:1px;height:1px;border-top-color:#eee;width:80%;border-top-style:solid;}<\/style>\n<div class=\"wp-block-kadence-spacer aligncenter kt-block-spacer-81_66c8ea-65\"><div class=\"kt-block-spacer kt-block-spacer-halign-center\"><\/div><\/div>\n\n\n\n<div class=\"wp-block-columns is-layout-flex wp-container-core-columns-is-layout-9d6595d7 wp-block-columns-is-layout-flex\">\n<div class=\"wp-block-column is-layout-flow wp-block-column-is-layout-flow\" style=\"flex-basis:33.33%\"><style>.wp-block-kadence-advancedbtn.kb-btns81_772762-d6{gap:var(--global-kb-gap-xs, 0.5rem );justify-content:center;align-items:center;}.kt-btns81_772762-d6 .kt-button{font-weight:normal;font-style:normal;}.kt-btns81_772762-d6 .kt-btn-wrap-0{margin-right:5px;}.wp-block-kadence-advancedbtn.kt-btns81_772762-d6 .kt-btn-wrap-0 .kt-button{color:#555555;border-color:#555555;}.wp-block-kadence-advancedbtn.kt-btns81_772762-d6 .kt-btn-wrap-0 .kt-button:hover, .wp-block-kadence-advancedbtn.kt-btns81_772762-d6 .kt-btn-wrap-0 .kt-button:focus{color:#ffffff;border-color:#444444;}.wp-block-kadence-advancedbtn.kt-btns81_772762-d6 .kt-btn-wrap-0 .kt-button::before{display:none;}.wp-block-kadence-advancedbtn.kt-btns81_772762-d6 .kt-btn-wrap-0 .kt-button:hover, .wp-block-kadence-advancedbtn.kt-btns81_772762-d6 .kt-btn-wrap-0 .kt-button:focus{background:#444444;}<\/style>\n<div class=\"wp-block-kadence-advancedbtn kb-buttons-wrap kb-btns81_772762-d6\"><style>ul.menu .wp-block-kadence-advancedbtn .kb-btn81_299467-d2.kb-button{width:initial;}.wp-block-kadence-advancedbtn .kb-btn81_299467-d2.kb-button{margin-top:var(--global-kb-spacing-xs, 1rem);}<\/style><a class=\"kb-button kt-button button kb-btn81_299467-d2 kt-btn-size-standard kt-btn-width-type-auto kb-btn-global-fill kt-btn-has-text-true kt-btn-has-svg-false  wp-block-kadence-singlebtn\" href=\"https:\/\/ddom.parisnanterre.fr\/index.php\/contact\/\"><span class=\"kt-btn-inner-text\">informations<\/span><\/a><\/div>\n<\/div>\n\n\n\n<div class=\"wp-block-column is-layout-flow wp-block-column-is-layout-flow\" style=\"flex-basis:80%\">\n<p style=\"padding-top:var(--wp--preset--spacing--40);padding-bottom:var(--wp--preset--spacing--40)\"><strong>Responsables scientifiques<\/strong> : Pascale Gonod et Sylvain Jobert<br><strong>Organisation<\/strong> : Sophie Trabon<\/p>\n<\/div>\n<\/div>\n\n\n<style>.kb-image81_ce75cc-43 .kb-image-has-overlay:after{opacity:0.3;}<\/style>\n<div class=\"wp-block-kadence-image kb-image81_ce75cc-43\"><figure class=\"aligncenter size-woocommerce_thumbnail\"><img loading=\"lazy\" decoding=\"async\" width=\"300\" height=\"300\" src=\"https:\/\/ddom.parisnanterre.fr\/wp-content\/uploads\/2025\/09\/colloque_ddom-300x300.png\" alt=\"\" class=\"kb-img wp-image-97\" srcset=\"https:\/\/ddom.parisnanterre.fr\/wp-content\/uploads\/2025\/09\/colloque_ddom-300x300.png 300w, https:\/\/ddom.parisnanterre.fr\/wp-content\/uploads\/2025\/09\/colloque_ddom-150x150.png 150w\" sizes=\"auto, (max-width: 300px) 100vw, 300px\" \/><\/figure><\/div>\n\n\n<style>.wp-block-kadence-advancedbtn.kb-btns81_10ef98-f5{gap:var(--global-kb-gap-xs, 0.5rem );justify-content:center;align-items:center;}.kt-btns81_10ef98-f5 .kt-button{font-weight:normal;font-style:normal;}.kt-btns81_10ef98-f5 .kt-btn-wrap-0{margin-right:5px;}.wp-block-kadence-advancedbtn.kt-btns81_10ef98-f5 .kt-btn-wrap-0 .kt-button{color:#555555;border-color:#555555;}.wp-block-kadence-advancedbtn.kt-btns81_10ef98-f5 .kt-btn-wrap-0 .kt-button:hover, .wp-block-kadence-advancedbtn.kt-btns81_10ef98-f5 .kt-btn-wrap-0 .kt-button:focus{color:#ffffff;border-color:#444444;}.wp-block-kadence-advancedbtn.kt-btns81_10ef98-f5 .kt-btn-wrap-0 .kt-button::before{display:none;}.wp-block-kadence-advancedbtn.kt-btns81_10ef98-f5 .kt-btn-wrap-0 .kt-button:hover, .wp-block-kadence-advancedbtn.kt-btns81_10ef98-f5 .kt-btn-wrap-0 .kt-button:focus{background:#444444;}<\/style>\n<div class=\"wp-block-kadence-advancedbtn kb-buttons-wrap kb-btns81_10ef98-f5\"><style>ul.menu .wp-block-kadence-advancedbtn .kb-btn81_35eaaa-48.kb-button{width:initial;}<\/style><a class=\"kb-button kt-button button kb-btn81_35eaaa-48 kt-btn-size-standard kt-btn-width-type-auto kb-btn-global-fill kt-btn-has-text-true kt-btn-has-svg-false  wp-block-kadence-singlebtn\" href=\"https:\/\/ddom.parisnanterre.fr\/index.php\/produit\/inscription\/\"><span class=\"kt-btn-inner-text\">Inscription<\/span><\/a><\/div>\n\n\n\n<p class=\"has-text-align-right\"><strong>Droits d\u2019inscription<\/strong>&nbsp;:<strong>&nbsp;<\/strong>50 euros.<br>Gratuit pour les \u00e9tudiant\u00b7es et les universitaires.&nbsp;<br><\/p>\n","protected":false},"excerpt":{"rendered":"<p>Colloque La d\u00e9ontologie et la discipline des officiersminist\u00e9riels : quelle unit\u00e9 ? Vendredi 14 novembre 2025 Salle 6, Centre Panth\u00e9on, 12 Place du Panth\u00e9on, Paris, 5 e Entr\u00e9e sur inscription obligatoire, dans la limite des places disponibles, avant le 31 octobre Responsables scientifiques : Pascale Gonod et Sylvain JobertOrganisation : Sophie Trabon Droits d\u2019inscription&nbsp;:&nbsp;50 euros.Gratuit&#8230;<\/p>\n","protected":false},"author":2,"featured_media":86,"parent":0,"menu_order":0,"comment_status":"closed","ping_status":"closed","template":"","meta":{"_kad_blocks_custom_css":"","_kad_blocks_head_custom_js":"","_kad_blocks_body_custom_js":"","_kad_blocks_footer_custom_js":"","_kad_post_transparent":"","_kad_post_title":"","_kad_post_layout":"","_kad_post_sidebar_id":"","_kad_post_content_style":"","_kad_post_vertical_padding":"","_kad_post_feature":"","_kad_post_feature_position":"","_kad_post_header":false,"_kad_post_footer":false,"footnotes":""},"class_list":["post-81","page","type-page","status-publish","has-post-thumbnail","hentry"],"taxonomy_info":[],"featured_image_src_large":["https:\/\/ddom.parisnanterre.fr\/wp-content\/uploads\/2025\/09\/Lignes_de_fuite-ddom.png",408,252,false],"author_info":{"display_name":"Silvio Carella","author_link":"https:\/\/ddom.parisnanterre.fr\/index.php\/author\/scarella\/"},"comment_info":0,"_links":{"self":[{"href":"https:\/\/ddom.parisnanterre.fr\/index.php\/wp-json\/wp\/v2\/pages\/81","targetHints":{"allow":["GET"]}}],"collection":[{"href":"https:\/\/ddom.parisnanterre.fr\/index.php\/wp-json\/wp\/v2\/pages"}],"about":[{"href":"https:\/\/ddom.parisnanterre.fr\/index.php\/wp-json\/wp\/v2\/types\/page"}],"author":[{"embeddable":true,"href":"https:\/\/ddom.parisnanterre.fr\/index.php\/wp-json\/wp\/v2\/users\/2"}],"replies":[{"embeddable":true,"href":"https:\/\/ddom.parisnanterre.fr\/index.php\/wp-json\/wp\/v2\/comments?post=81"}],"version-history":[{"count":18,"href":"https:\/\/ddom.parisnanterre.fr\/index.php\/wp-json\/wp\/v2\/pages\/81\/revisions"}],"predecessor-version":[{"id":193,"href":"https:\/\/ddom.parisnanterre.fr\/index.php\/wp-json\/wp\/v2\/pages\/81\/revisions\/193"}],"wp:featuredmedia":[{"embeddable":true,"href":"https:\/\/ddom.parisnanterre.fr\/index.php\/wp-json\/wp\/v2\/media\/86"}],"wp:attachment":[{"href":"https:\/\/ddom.parisnanterre.fr\/index.php\/wp-json\/wp\/v2\/media?parent=81"}],"curies":[{"name":"wp","href":"https:\/\/api.w.org\/{rel}","templated":true}]}}