{"id":72,"date":"2025-09-12T09:45:34","date_gmt":"2025-09-12T09:45:34","guid":{"rendered":"https:\/\/ddom.parisnanterre.fr\/?page_id=72"},"modified":"2025-09-23T10:14:31","modified_gmt":"2025-09-23T10:14:31","slug":"informations-pratiques","status":"publish","type":"page","link":"https:\/\/ddom.parisnanterre.fr\/index.php\/informations-pratiques\/","title":{"rendered":"Informations pratiques"},"content":{"rendered":"\n<h1 class=\"wp-block-heading\">Informations pratiques<\/h1>\n\n\n\n<p><strong>Salle 6 du Centre Panth\u00e9on, aile Soufflot, 2<\/strong><strong><sup>e<\/sup><\/strong><strong> \u00e9tage<\/strong><\/p>\n\n\n\n<p>Universit\u00e9 Panth\u00e9on-Sorbonne Paris 1, 12 Place du Panth\u00e9on, Paris, 5<sup>e<\/sup><\/p>\n\n\n\n<p><strong>Pour vous y rendre<\/strong> :<\/p>\n\n\n\n<ul class=\"wp-block-list\">\n<li>M\u00e9tro \u2013 Ligne 10 station : Cluny-La Sorbonne ou Maubert-Mutualit\u00e9<\/li>\n\n\n\n<li>Bus \u2013 Lignes 24, 75, 84, 89<\/li>\n\n\n\n<li>RER B \u2013 Station Luxembourg<\/li>\n<\/ul>\n\n\n<style>.kb-google-maps-container72_8d1082-67{height:450px;}.kb-google-maps-container72_8d1082-67{filter:sepia(30%);}<\/style><div class=\"kb-google-maps-container kb-google-maps-container72_8d1082-67  wp-block-kadence-googlemaps\" data-mapid=\"72_8d108267\"><iframe width=\"100%\" height=\"100%\"\n\t\t\t\t\t\t\tstyle=\"border:0\" loading=\"lazy\"\n\t\t\t\t\t\t\tsrc=\"https:\/\/www.google.com\/maps\/embed\/v1\/place?key=AIzaSyBAM2o7PiQqwk15LC1XRH2e_KJ-jUa7KYk&#038;zoom=16&#038;maptype=roadmap&#038;q=Universit%C3%A9+Panth%C3%A9on-Sorbonne+Paris+1%2C+12+Place+du+Panth%C3%A9on%2C+Paris%2C+5e\"\n\t\t\t\t\t\t\ttitle=\"Carte Google de Universit\u00e9 Panth\u00e9on-Sorbonne Paris 1, 12 Place du Panth\u00e9on, Paris, 5e\"><\/iframe><\/div><script>function kb_google_map72_8d108267() { let center = { lat: 37.8201, lng: -122.4781}; let map = new google.maps.Map(document.getElementById(\"kb-google-map72_8d108267\"), {\n\t\t\t\t\t    zoom: 16,\n\t\t\t\t\t    center: center,});let marker = new google.maps.Marker({   position: { lat: 37.8201, lng: -122.4781},    map: map,  });}<\/script>\n\n\n<p><strong>Entr\u00e9e sur inscription obligatoire<\/strong>, dans la limite des places disponibles, avant le 31 octobre \u00e0 l\u2019adresse suivante : <a href=\"mailto:strabon@parisnanterre.fr\">strabon@parisnanterre.fr<\/a>.<\/p>\n\n\n\n<p><strong>Droits d\u2019inscription<\/strong>&nbsp;:<strong> <\/strong>50 euros.<strong> <\/strong>Gratuit pour les \u00e9tudiant(e)s et les universitaires.&nbsp;<\/p>\n","protected":false},"excerpt":{"rendered":"<p>Informations pratiques Salle 6 du Centre Panth\u00e9on, aile Soufflot, 2e \u00e9tage Universit\u00e9 Panth\u00e9on-Sorbonne Paris 1, 12 Place du Panth\u00e9on, Paris, 5e Pour vous y rendre : Entr\u00e9e sur inscription obligatoire, dans la limite des places disponibles, avant le 31 octobre \u00e0 l\u2019adresse suivante : strabon@parisnanterre.fr. Droits d\u2019inscription&nbsp;: 50 euros. Gratuit pour les \u00e9tudiant(e)s et les&#8230;<\/p>\n","protected":false},"author":2,"featured_media":86,"parent":0,"menu_order":0,"comment_status":"closed","ping_status":"closed","template":"","meta":{"_kad_blocks_custom_css":"","_kad_blocks_head_custom_js":"","_kad_blocks_body_custom_js":"","_kad_blocks_footer_custom_js":"","_kad_post_transparent":"","_kad_post_title":"","_kad_post_layout":"","_kad_post_sidebar_id":"","_kad_post_content_style":"","_kad_post_vertical_padding":"","_kad_post_feature":"","_kad_post_feature_position":"","_kad_post_header":false,"_kad_post_footer":false,"footnotes":""},"class_list":["post-72","page","type-page","status-publish","has-post-thumbnail","hentry"],"taxonomy_info":[],"featured_image_src_large":["https:\/\/ddom.parisnanterre.fr\/wp-content\/uploads\/2025\/09\/Lignes_de_fuite-ddom.png",408,252,false],"author_info":{"display_name":"Silvio Carella","author_link":"https:\/\/ddom.parisnanterre.fr\/index.php\/author\/scarella\/"},"comment_info":0,"_links":{"self":[{"href":"https:\/\/ddom.parisnanterre.fr\/index.php\/wp-json\/wp\/v2\/pages\/72","targetHints":{"allow":["GET"]}}],"collection":[{"href":"https:\/\/ddom.parisnanterre.fr\/index.php\/wp-json\/wp\/v2\/pages"}],"about":[{"href":"https:\/\/ddom.parisnanterre.fr\/index.php\/wp-json\/wp\/v2\/types\/page"}],"author":[{"embeddable":true,"href":"https:\/\/ddom.parisnanterre.fr\/index.php\/wp-json\/wp\/v2\/users\/2"}],"replies":[{"embeddable":true,"href":"https:\/\/ddom.parisnanterre.fr\/index.php\/wp-json\/wp\/v2\/comments?post=72"}],"version-history":[{"count":4,"href":"https:\/\/ddom.parisnanterre.fr\/index.php\/wp-json\/wp\/v2\/pages\/72\/revisions"}],"predecessor-version":[{"id":140,"href":"https:\/\/ddom.parisnanterre.fr\/index.php\/wp-json\/wp\/v2\/pages\/72\/revisions\/140"}],"wp:featuredmedia":[{"embeddable":true,"href":"https:\/\/ddom.parisnanterre.fr\/index.php\/wp-json\/wp\/v2\/media\/86"}],"wp:attachment":[{"href":"https:\/\/ddom.parisnanterre.fr\/index.php\/wp-json\/wp\/v2\/media?parent=72"}],"curies":[{"name":"wp","href":"https:\/\/api.w.org\/{rel}","templated":true}]}}