{"id":70,"date":"2025-09-12T09:44:39","date_gmt":"2025-09-12T09:44:39","guid":{"rendered":"https:\/\/ddom.parisnanterre.fr\/?page_id=70"},"modified":"2025-09-26T14:06:14","modified_gmt":"2025-09-26T14:06:14","slug":"programme","status":"publish","type":"page","link":"https:\/\/ddom.parisnanterre.fr\/index.php\/programme\/","title":{"rendered":"Programme"},"content":{"rendered":"\n<h1 class=\"wp-block-heading\">Programme<\/h1>\n\n\n\n<h2 class=\"wp-block-heading has-text-align-center\"><strong>La d\u00e9ontologie et la discipline des officiers<\/strong><br><strong>minist\u00e9riels : quelle unit\u00e9 ?<\/strong><\/h2>\n\n\n\n<div class=\"wp-block-file alignright\"><a href=\"https:\/\/ddom.parisnanterre.fr\/wp-content\/uploads\/2025\/09\/La-deontologie-et-la-discipline-des-officiers-ministeriels.pdf\" class=\"wp-block-file__button wp-element-button\" download>T\u00e9l\u00e9charger le programme<\/a><\/div>\n\n\n<style>.wp-block-kadence-spacer.kt-block-spacer-70_b88c20-d3 .kt-block-spacer{height:30px;}.wp-block-kadence-spacer.kt-block-spacer-70_b88c20-d3 .kt-divider{border-top-width:1px;height:1px;border-top-color:#eee;width:80%;border-top-style:solid;}<\/style>\n<div class=\"wp-block-kadence-spacer aligncenter kt-block-spacer-70_b88c20-d3\"><div class=\"kt-block-spacer kt-block-spacer-halign-center\"><\/div><\/div>\n\n\n\n<p>08:45 : Accueil des participants&nbsp;<\/p>\n\n\n\n<p style=\"font-size:22px\"><strong>Propos Liminaires<\/strong><\/p>\n\n\n<style>.kb-table-container70_d25c7b-4d{overflow-x:auto;}.kb-table70_d25c7b-4d td:nth-of-type(1), .kb-table70_d25c7b-4d th:nth-of-type(1){width:17%;}.kb-table70_d25c7b-4d{table-layout:fixed;width:100%;}.kb-table-container .kb-table70_d25c7b-4d th{padding-top:var(--global-kb-spacing-xxs, 0.5rem);padding-right:var(--global-kb-spacing-xxs, 0.5rem);padding-bottom:var(--global-kb-spacing-xxs, 0.5rem);padding-left:var(--global-kb-spacing-xxs, 0.5rem);text-align:center;}.kb-table-container .kb-table70_d25c7b-4d td{padding-top:var(--global-kb-spacing-xxs, 0.5rem);padding-right:var(--global-kb-spacing-xxs, 0.5rem);padding-bottom:var(--global-kb-spacing-xxs, 0.5rem);padding-left:var(--global-kb-spacing-xxs, 0.5rem);text-align:left;}<\/style><div class=\"kb-table-container kb-table-container70_d25c7b-4d wp-block-kadence-table\"><table class=\"kb-table kb-table70_d25c7b-4d\">\n<tr class=\"kb-table-row kb-table-row70_0e1c3e-2c\">\n<td class=\"kb-table-data kb-table-data70_5598a6-66\">\n\n<p>09:45<\/p>\n\n<\/70_5598a6-66>\n\n<td class=\"kb-table-data kb-table-data70_2ad11f-99\">\n\n<p><em>Ouverture<\/em><br>par <strong>Sabine<\/strong> <strong>Boussard<\/strong>, directrice de l\u2019UFR de Droit et Science politique<br>de l\u2019Universit\u00e9 Paris Nanterre<br>et <strong>Anne<\/strong> <strong>Pimont<\/strong>, codirectrice de l\u2019\u00c9cole de droit de la Sorbonne<\/p>\n\n<\/70_2ad11f-99>\n<\/tr>\n\n<tr class=\"kb-table-row kb-table-row70_70cc73-93\">\n<td class=\"kb-table-data kb-table-data70_b285d1-64\">\n\n<p>09:30<\/p>\n\n<\/70_b285d1-64>\n\n<td class=\"kb-table-data kb-table-data70_27b352-55\">\n\n<p><em>Introduction<\/em><br>par <strong>Pascale<\/strong> <strong>Gonod<\/strong>, professeure \u00e0 l\u2019Universit\u00e9 Panth\u00e9on-Sorbonne Paris 1<br>et <strong>Sylvain<\/strong> <strong>Jobert<\/strong>, professeur \u00e0 l\u2019Universit\u00e9 Paris Nanterre<\/p>\n\n<\/70_27b352-55>\n<\/tr>\n<\/table><\/div>\n\n<style>.wp-block-kadence-spacer.kt-block-spacer-70_e9b843-99 .kt-block-spacer{height:30px;}.wp-block-kadence-spacer.kt-block-spacer-70_e9b843-99 .kt-divider{border-top-width:1px;height:1px;border-top-color:#eee;width:80%;border-top-style:solid;}<\/style>\n<div class=\"wp-block-kadence-spacer aligncenter kt-block-spacer-70_e9b843-99\"><div class=\"kt-block-spacer kt-block-spacer-halign-center\"><hr class=\"kt-divider\"\/><\/div><\/div>\n\n\n\n<p style=\"font-size:22px\"><strong>Matin\u00e9e<\/strong><\/p>\n\n\n\n<p><em>pr\u00e9sid\u00e9e par<\/em> <strong>St\u00e9phanie<\/strong> <strong>Grayot-Dirx<\/strong>, professeure \u00e0 l\u2019Universit\u00e9 de Bourgogne<\/p>\n\n\n\n<p class=\"has-text-align-center\"><strong>L\u2019UNIFICATION DE LA D\u00c9ONTOLOGIE ET DE LA DISCIPLINE<\/strong><\/p>\n\n\n<style>.kb-table-container70_ca6287-91{overflow-x:auto;}.kb-table70_ca6287-91 td:nth-of-type(1), .kb-table70_ca6287-91 th:nth-of-type(1){width:17%;}.kb-table70_ca6287-91{table-layout:fixed;width:100%;}.kb-table-container .kb-table70_ca6287-91 th{padding-top:var(--global-kb-spacing-xxs, 0.5rem);padding-right:var(--global-kb-spacing-xxs, 0.5rem);padding-bottom:var(--global-kb-spacing-xxs, 0.5rem);padding-left:var(--global-kb-spacing-xxs, 0.5rem);text-align:center;}.kb-table-container .kb-table70_ca6287-91 td{padding-top:var(--global-kb-spacing-xxs, 0.5rem);padding-right:var(--global-kb-spacing-xxs, 0.5rem);padding-bottom:var(--global-kb-spacing-xxs, 0.5rem);padding-left:var(--global-kb-spacing-xxs, 0.5rem);text-align:left;}<\/style><div class=\"kb-table-container kb-table-container70_ca6287-91 wp-block-kadence-table\"><table class=\"kb-table kb-table70_ca6287-91\">\n<tr class=\"kb-table-row kb-table-row70_d3161d-9f\">\n<td class=\"kb-table-data kb-table-data70_b6646c-ab\">\n\n<p>09:45<\/p>\n\n<\/70_b6646c-ab>\n\n<td class=\"kb-table-data kb-table-data70_06944e-f0\">\n\n<p><em>L\u2019\u00e9volution de la d\u00e9ontologie et de la discipline des officiers minist\u00e9riels<br><\/em>avec <strong>Boris Bernab\u00e9<\/strong>, professeur \u00e0 l\u2019Universit\u00e9 Paris Saclay<\/p>\n\n<\/70_06944e-f0>\n<\/tr>\n\n<tr class=\"kb-table-row kb-table-row70_c8c09e-75\">\n<td class=\"kb-table-data kb-table-data70_eb6fb5-0e\">\n\n<p>10:10<\/p>\n\n<\/70_eb6fb5-0e>\n\n<td class=\"kb-table-data kb-table-data70_57374e-2d\">\n\n<p><em>L\u2019av\u00e8nement de r\u00e8gles communes \u00e0 la d\u00e9ontologie et \u00e0 la discipline des officiers minist\u00e9riels : l\u2019ordonnance du 13 avril 2022<\/em><br>avec <strong>Val\u00e9rie<\/strong> <strong>Delnaud<\/strong>, directrice des affaires civiles et du Sceau<\/p>\n\n<\/70_57374e-2d>\n<\/tr>\n\n<tr class=\"kb-table-row kb-table-row70_4a853e-36\">\n<td class=\"kb-table-data kb-table-data70_f8613d-86\">\n\n<p>10:35<\/p>\n\n<\/70_f8613d-86>\n\n<td class=\"kb-table-data kb-table-data70_b5773a-9d\">\n\n<p>\u00c9changes<\/p>\n\n<\/70_b5773a-9d>\n<\/tr>\n\n<tr class=\"kb-table-row kb-table-row70_8c9469-89\">\n<td class=\"kb-table-data kb-table-data70_fba59b-8f\">\n\n<p>10:50<\/p>\n\n<\/70_fba59b-8f>\n\n<td class=\"kb-table-data kb-table-data70_34a6e4-1e\">\n\n<p>Pause<\/p>\n\n<\/70_34a6e4-1e>\n<\/tr>\n<\/table><\/div>\n\n\n<p class=\"has-text-align-center\"><strong>LES PRINCIPES ET DEVOIRS PROFESSIONNELS<\/strong><\/p>\n\n\n<style>.kb-table-container70_bb9c1b-c0{overflow-x:auto;}.kb-table70_bb9c1b-c0 td:nth-of-type(1), .kb-table70_bb9c1b-c0 th:nth-of-type(1){width:17%;}.kb-table70_bb9c1b-c0{table-layout:fixed;width:100%;}.kb-table-container .kb-table70_bb9c1b-c0 th{padding-top:var(--global-kb-spacing-xxs, 0.5rem);padding-right:var(--global-kb-spacing-xxs, 0.5rem);padding-bottom:var(--global-kb-spacing-xxs, 0.5rem);padding-left:var(--global-kb-spacing-xxs, 0.5rem);text-align:center;}.kb-table-container .kb-table70_bb9c1b-c0 td{padding-top:var(--global-kb-spacing-xxs, 0.5rem);padding-right:var(--global-kb-spacing-xxs, 0.5rem);padding-bottom:var(--global-kb-spacing-xxs, 0.5rem);padding-left:var(--global-kb-spacing-xxs, 0.5rem);text-align:left;}<\/style><div class=\"kb-table-container kb-table-container70_bb9c1b-c0 wp-block-kadence-table\"><table class=\"kb-table kb-table70_bb9c1b-c0\">\n<tr class=\"kb-table-row kb-table-row70_845fce-b3\">\n<td class=\"kb-table-data kb-table-data70_9edd6c-f5\">\n\n<p>11:00<\/p>\n\n<\/70_9edd6c-f5>\n\n<td class=\"kb-table-data kb-table-data70_ba678d-60\">\n\n<p><strong><em>Table ronde<\/em>,<\/strong><br>anim\u00e9e par <strong>C\u00e9cile<\/strong> <strong>Chainais<\/strong>, professeure \u00e0 l\u2019Universit\u00e9 Paris-Panth\u00e9on-Assas<\/p>\n\n<\/70_ba678d-60>\n<\/tr>\n\n<tr class=\"kb-table-row kb-table-row70_b7281c-5f\">\n<td class=\"kb-table-data kb-table-data70_f48bee-a3\">\n\n<p><\/p>\n\n<\/70_f48bee-a3>\n\n<td class=\"kb-table-data kb-table-data70_1ccf56-11\">\n\n<p class=\"has-text-align-left\">avec la participation de :<\/p>\n\n\n\n<ul class=\"wp-block-list\">\n<li><strong>Viviane<\/strong> <strong>Beuzelin<\/strong>, notaire&nbsp;;<\/li>\n\n\n\n<li><strong>Marie-Christine<\/strong> <strong>Carpanetti<\/strong>,<em> <\/em>commissaire de justice&nbsp;;<strong>&nbsp;<\/strong><\/li>\n\n\n\n<li><strong>Sophie<\/strong> <strong>Jonval<\/strong>, greffi\u00e8re des tribunaux de commerce&nbsp;;<\/li>\n\n\n\n<li><strong>Emmanuel<\/strong> <strong>Piwnica<\/strong>, avocat au Conseil d&#8217;\u00c9tat et \u00e0 la Cour de cassation<\/li>\n<\/ul>\n\n<\/70_1ccf56-11>\n<\/tr>\n\n<tr class=\"kb-table-row kb-table-row70_13edf8-a1\">\n<td class=\"kb-table-data kb-table-data70_77a8d0-08\">\n\n<p>12:00<\/p>\n\n<\/70_77a8d0-08>\n\n<td class=\"kb-table-data kb-table-data70_b41ea5-d8\">\n\n<p>\u00c9changes<\/p>\n\n<\/70_b41ea5-d8>\n<\/tr>\n\n<tr class=\"kb-table-row kb-table-row70_9a0aeb-f5\">\n<td class=\"kb-table-data kb-table-data70_fc5fbe-8a\">\n\n<p>12:30<\/p>\n\n<\/70_fc5fbe-8a>\n\n<td class=\"kb-table-data kb-table-data70_78c6ad-63\">\n\n<p class=\"has-text-align-left\">Pause d\u00e9jeuner<\/p>\n\n<\/70_78c6ad-63>\n<\/tr>\n<\/table><\/div>\n\n<style>.wp-block-kadence-spacer.kt-block-spacer-70_f81539-65 .kt-block-spacer{height:30px;}.wp-block-kadence-spacer.kt-block-spacer-70_f81539-65 .kt-divider{border-top-width:1px;height:1px;border-top-color:#eee;width:80%;border-top-style:solid;}<\/style>\n<div class=\"wp-block-kadence-spacer aligncenter kt-block-spacer-70_f81539-65\"><div class=\"kt-block-spacer kt-block-spacer-halign-center\"><hr class=\"kt-divider\"\/><\/div><\/div>\n\n\n\n<p style=\"font-size:22px\"><strong>Apr\u00e8s-midi<\/strong><\/p>\n\n\n\n<p><em>pr\u00e9sid\u00e9e<strong>&nbsp;<\/strong>par<\/em> <strong>Antony Taillefait<\/strong>, professeur \u00e0 l\u2019Universit\u00e9 d\u2019Angers<\/p>\n\n\n\n<p class=\"has-text-align-center\"><strong>L\u2019EFFECTIVIT\u00c9 DE LA D\u00c9ONTOLOGIE ET DE LA DISCIPLINE<\/strong><\/p>\n\n\n<style>.kb-table-container70_5426aa-35{overflow-x:auto;}.kb-table70_5426aa-35 td:nth-of-type(1), .kb-table70_5426aa-35 th:nth-of-type(1){width:17%;}.kb-table70_5426aa-35{table-layout:fixed;width:100%;}.kb-table-container .kb-table70_5426aa-35 th{padding-top:var(--global-kb-spacing-xxs, 0.5rem);padding-right:var(--global-kb-spacing-xxs, 0.5rem);padding-bottom:var(--global-kb-spacing-xxs, 0.5rem);padding-left:var(--global-kb-spacing-xxs, 0.5rem);text-align:center;}.kb-table-container .kb-table70_5426aa-35 td{padding-top:var(--global-kb-spacing-xxs, 0.5rem);padding-right:var(--global-kb-spacing-xxs, 0.5rem);padding-bottom:var(--global-kb-spacing-xxs, 0.5rem);padding-left:var(--global-kb-spacing-xxs, 0.5rem);text-align:left;}<\/style><div class=\"kb-table-container kb-table-container70_5426aa-35 wp-block-kadence-table\"><table class=\"kb-table kb-table70_5426aa-35\">\n<tr class=\"kb-table-row kb-table-row70_3fdc42-d0\">\n<td class=\"kb-table-data kb-table-data70_4a99fd-90\">\n\n<p>14:00<\/p>\n\n<\/70_4a99fd-90>\n\n<td class=\"kb-table-data kb-table-data70_8e9e08-3d\">\n\n<p><strong><em>Table ronde<\/em>, <\/strong><br>anim\u00e9e par <strong>Caroline<\/strong> <strong>Lantero<\/strong>, ma\u00eetre de conf\u00e9rences HDR \u00e0 l\u2019Universit\u00e9 Clermont Auvergne<\/p>\n\n<\/70_8e9e08-3d>\n<\/tr>\n\n<tr class=\"kb-table-row kb-table-row70_e573e6-84\">\n<td class=\"kb-table-data kb-table-data70_a8598b-be\">\n\n<p><\/p>\n\n<\/70_a8598b-be>\n\n<td class=\"kb-table-data kb-table-data70_1eb556-06\">\n\n<p class=\"has-text-align-left\">avec la participation de :<\/p>\n\n\n\n<ul class=\"wp-block-list\">\n<li><strong>Fr\u00e9d\u00e9ric<\/strong> <strong>Barbin<\/strong>,&nbsp;pr\u00e9sident du coll\u00e8ge de d\u00e9ontologie des greffiers des tribunaux de commerce&nbsp;;<\/li>\n\n\n\n<li><strong>Laurent<\/strong> <strong>Fichot<\/strong>, avocat g\u00e9n\u00e9ral pr\u00e8s la Cour d\u2019appel de Rennes&nbsp;;&nbsp;<\/li>\n\n\n\n<li><strong>R\u00e9gis<\/strong> <strong>Froger<\/strong>, avocat au Conseil d&#8217;\u00c9tat et \u00e0 la Cour de cassation&nbsp;;<\/li>\n\n\n\n<li><strong>Fran\u00e7ois<\/strong> <strong>Sottet<\/strong>, pr\u00e9sident de la Cour nationale de discipline des commissaires de justice&nbsp;;&nbsp;<\/li>\n\n\n\n<li><strong>Pierre<\/strong> <strong>Tarrade<\/strong>, pr\u00e9sident de la Chambre des notaires de Paris.&nbsp;<\/li>\n<\/ul>\n\n<\/70_1eb556-06>\n<\/tr>\n\n<tr class=\"kb-table-row kb-table-row70_e04788-18\">\n<td class=\"kb-table-data kb-table-data70_70a5e1-46\">\n\n<p>15:00<\/p>\n\n<\/70_70a5e1-46>\n\n<td class=\"kb-table-data kb-table-data70_0aec73-3b\">\n\n<p>\u00c9changes<\/p>\n\n<\/70_0aec73-3b>\n<\/tr>\n\n<tr class=\"kb-table-row kb-table-row70_26ece6-8d\">\n<td class=\"kb-table-data kb-table-data70_d08060-51\">\n\n<p>15:15<\/p>\n\n<\/70_d08060-51>\n\n<td class=\"kb-table-data kb-table-data70_630d5b-dc\">\n\n<p class=\"has-text-align-left\">Pause <\/p>\n\n<\/70_630d5b-dc>\n<\/tr>\n<\/table><\/div>\n\n\n<p class=\"has-text-align-center\"><strong>LES PERSPECTIVES DE LA D\u00c9ONTOLOGIE ET DE LA DISCIPLINE<\/strong><\/p>\n\n\n<style>.kb-table-container70_7d6656-be{overflow-x:auto;}.kb-table70_7d6656-be td:nth-of-type(1), .kb-table70_7d6656-be th:nth-of-type(1){width:17%;}.kb-table70_7d6656-be{table-layout:fixed;width:100%;}.kb-table-container .kb-table70_7d6656-be th{padding-top:var(--global-kb-spacing-xxs, 0.5rem);padding-right:var(--global-kb-spacing-xxs, 0.5rem);padding-bottom:var(--global-kb-spacing-xxs, 0.5rem);padding-left:var(--global-kb-spacing-xxs, 0.5rem);text-align:center;}.kb-table-container .kb-table70_7d6656-be td{padding-top:var(--global-kb-spacing-xxs, 0.5rem);padding-right:var(--global-kb-spacing-xxs, 0.5rem);padding-bottom:var(--global-kb-spacing-xxs, 0.5rem);padding-left:var(--global-kb-spacing-xxs, 0.5rem);text-align:left;}<\/style><div class=\"kb-table-container kb-table-container70_7d6656-be wp-block-kadence-table\"><table class=\"kb-table kb-table70_7d6656-be\">\n<tr class=\"kb-table-row kb-table-row70_b8004d-74\">\n<td class=\"kb-table-data kb-table-data70_894fd0-57\">\n\n<p>15:30<\/p>\n\n<\/70_894fd0-57>\n\n<td class=\"kb-table-data kb-table-data70_13c713-e8\">\n\n<p><em>La diffusion de la d\u00e9ontologie et de la discipline des officiers minist\u00e9riels<\/em><br>avec <strong>S\u00e9bastien<\/strong> <strong>Hourson<\/strong>, professeur \u00e0 l\u2019Universit\u00e9 Paris Nanterre<\/p>\n\n<\/70_13c713-e8>\n<\/tr>\n\n<tr class=\"kb-table-row kb-table-row70_54078a-2b\">\n<td class=\"kb-table-data kb-table-data70_accbe2-c4\">\n\n<p>15:55<\/p>\n\n<\/70_accbe2-c4>\n\n<td class=\"kb-table-data kb-table-data70_710462-43\">\n\n<p><em>La d\u00e9ontologie des officiers minist\u00e9riels et les d\u00e9fis renouvel\u00e9s du num\u00e9rique<br><\/em>avec <strong>Thibault<\/strong> <strong>Douville<\/strong>, professeur \u00e0 l\u2019Universit\u00e9 de Caen<\/p>\n\n<\/70_710462-43>\n<\/tr>\n\n<tr class=\"kb-table-row kb-table-row70_9007ac-c9\">\n<td class=\"kb-table-data kb-table-data70_6faf8b-17\">\n\n<p>16:20<\/p>\n\n<\/70_6faf8b-17>\n\n<td class=\"kb-table-data kb-table-data70_64e7a9-18\">\n\n<p><em>Faut-il un code unique de d\u00e9ontologie et de discipline des officiers minist\u00e9riels&nbsp;?<br><\/em>avec <strong>Jo\u00ebl<\/strong>&nbsp;<strong>Moret-Bailly<\/strong>,<strong> <\/strong>professeur \u00e0 l\u2019Universit\u00e9 de Saint-\u00c9tienne<\/p>\n\n<\/70_64e7a9-18>\n<\/tr>\n\n<tr class=\"kb-table-row kb-table-row70_f551fa-f9\">\n<td class=\"kb-table-data kb-table-data70_dee8e6-07\">\n\n<p>16:45<\/p>\n\n<\/70_dee8e6-07>\n\n<td class=\"kb-table-data kb-table-data70_64c691-b3\">\n\n<p>\u00c9changes<\/p>\n\n<\/70_64c691-b3>\n<\/tr>\n<\/table><\/div>\n\n<style>.wp-block-kadence-spacer.kt-block-spacer-70_b8c9a9-fe .kt-block-spacer{height:30px;}.wp-block-kadence-spacer.kt-block-spacer-70_b8c9a9-fe .kt-divider{border-top-width:1px;height:1px;border-top-color:#eee;width:80%;border-top-style:solid;}<\/style>\n<div class=\"wp-block-kadence-spacer aligncenter kt-block-spacer-70_b8c9a9-fe\"><div class=\"kt-block-spacer kt-block-spacer-halign-center\"><hr class=\"kt-divider\"\/><\/div><\/div>\n\n\n\n<p style=\"font-size:22px\"><strong>Propos conclusifs<\/strong><\/p>\n\n\n\n<p>17:00 <em>Anim\u00e9s<\/em> par <strong>Lo\u00efc<\/strong> <strong>Cadiet<\/strong>, professeur \u00e9m\u00e9rite de l\u2019Universit\u00e9 Panth\u00e9on-Sorbonne&nbsp;Paris 1<\/p>\n\n\n\n<div class=\"wp-block-file alignright\"><a href=\"https:\/\/ddom.parisnanterre.fr\/wp-content\/uploads\/2025\/09\/La-deontologie-et-la-discipline-des-officiers-ministeriels.pdf\" class=\"wp-block-file__button wp-element-button\" download>T\u00e9l\u00e9charger le programme<\/a><\/div>\n\n\n\n<p><\/p>\n","protected":false},"excerpt":{"rendered":"<p>Programme La d\u00e9ontologie et la discipline des officiersminist\u00e9riels : quelle unit\u00e9 ? 08:45 : Accueil des participants&nbsp; Propos Liminaires Matin\u00e9e pr\u00e9sid\u00e9e par St\u00e9phanie Grayot-Dirx, professeure \u00e0 l\u2019Universit\u00e9 de Bourgogne L\u2019UNIFICATION DE LA D\u00c9ONTOLOGIE ET DE LA DISCIPLINE LES PRINCIPES ET DEVOIRS PROFESSIONNELS Apr\u00e8s-midi pr\u00e9sid\u00e9e&nbsp;par Antony Taillefait, professeur \u00e0 l\u2019Universit\u00e9 d\u2019Angers L\u2019EFFECTIVIT\u00c9 DE LA D\u00c9ONTOLOGIE ET&#8230;<\/p>\n","protected":false},"author":2,"featured_media":86,"parent":0,"menu_order":0,"comment_status":"closed","ping_status":"closed","template":"","meta":{"_kad_blocks_custom_css":"","_kad_blocks_head_custom_js":"","_kad_blocks_body_custom_js":"","_kad_blocks_footer_custom_js":"","_kad_post_transparent":"","_kad_post_title":"","_kad_post_layout":"","_kad_post_sidebar_id":"","_kad_post_content_style":"","_kad_post_vertical_padding":"","_kad_post_feature":"","_kad_post_feature_position":"","_kad_post_header":false,"_kad_post_footer":false,"footnotes":""},"class_list":["post-70","page","type-page","status-publish","has-post-thumbnail","hentry"],"taxonomy_info":[],"featured_image_src_large":["https:\/\/ddom.parisnanterre.fr\/wp-content\/uploads\/2025\/09\/Lignes_de_fuite-ddom.png",408,252,false],"author_info":{"display_name":"Silvio Carella","author_link":"https:\/\/ddom.parisnanterre.fr\/index.php\/author\/scarella\/"},"comment_info":0,"_links":{"self":[{"href":"https:\/\/ddom.parisnanterre.fr\/index.php\/wp-json\/wp\/v2\/pages\/70","targetHints":{"allow":["GET"]}}],"collection":[{"href":"https:\/\/ddom.parisnanterre.fr\/index.php\/wp-json\/wp\/v2\/pages"}],"about":[{"href":"https:\/\/ddom.parisnanterre.fr\/index.php\/wp-json\/wp\/v2\/types\/page"}],"author":[{"embeddable":true,"href":"https:\/\/ddom.parisnanterre.fr\/index.php\/wp-json\/wp\/v2\/users\/2"}],"replies":[{"embeddable":true,"href":"https:\/\/ddom.parisnanterre.fr\/index.php\/wp-json\/wp\/v2\/comments?post=70"}],"version-history":[{"count":11,"href":"https:\/\/ddom.parisnanterre.fr\/index.php\/wp-json\/wp\/v2\/pages\/70\/revisions"}],"predecessor-version":[{"id":200,"href":"https:\/\/ddom.parisnanterre.fr\/index.php\/wp-json\/wp\/v2\/pages\/70\/revisions\/200"}],"wp:featuredmedia":[{"embeddable":true,"href":"https:\/\/ddom.parisnanterre.fr\/index.php\/wp-json\/wp\/v2\/media\/86"}],"wp:attachment":[{"href":"https:\/\/ddom.parisnanterre.fr\/index.php\/wp-json\/wp\/v2\/media?parent=70"}],"curies":[{"name":"wp","href":"https:\/\/api.w.org\/{rel}","templated":true}]}}